{"id":9,"date":"2015-05-02T12:24:36","date_gmt":"2015-05-02T12:24:36","guid":{"rendered":"http:\/\/www.acquadela.it\/?page_id=9"},"modified":"2022-11-24T15:50:18","modified_gmt":"2022-11-24T15:50:18","slug":"statuto","status":"publish","type":"page","link":"https:\/\/acquadela.it\/index.php\/statuto\/","title":{"rendered":"Statuto"},"content":{"rendered":"<h2 class=\"center\">STATUTO di &#8220;ACQUAD\u00caLA&#8221;<br \/>\nASSOCIAZIONE POLISPORTIVA DILETTANTISTICA<\/h2>\n<p><b>TITOLO I<br \/>\nDenominazione &#8211; Sede<\/b><\/p>\n<p>Art.1<br \/>\nNello spirito della Costituzione della Repubblica Italiana ed in ossequio a quanto disposto dagli articoli 14 e seguenti del Codice Civile, \u00e8 costituita l&#8217;associazione sportiva dilettantistica denominata &#8220;ACQUAD\u00caLA &#8211; ASSOCIAZIONE POLISPORTIVA DILETTANTISTICA&#8221;, associazione senza finalit\u00e0 di lucro, aperta a tutti i cittadini che volontariamente intendono perseguire gli scopi enunciati dal presente statuto.<br \/>\nL&#8217;associazione ha sede in Bologna, Via Andrea Costa n. 174.<br \/>\nCon delibera del Consiglio Direttivo pu\u00f2 aderire ad altre associazioni e pu\u00f2 affiliarsi ad enti di promozione sportiva, alle Federazioni Sportive Nazionali e simili aderenti al CONI (Comitato Olimpico Nazionale Italiano).<br \/>\nI colori sociali sono: Verde-Giallo-Rosso<\/p>\n<p><b>TITOLO II<br \/>\nScopo &#8211; Oggetto<\/b><\/p>\n<p>Art.2<br \/>\nL&#8217;associazione \u00e8 un centro permanente di vita associativa a carattere volontario e democratico la cui attivit\u00e0 \u00e8 espressione di partecipazione, solidariet\u00e0 e pluralismo.<br \/>\nEssa opera per fini sportivi, ricreativi e solidaristici per l&#8217;esclusivo soddisfacimento di interessi collettivi; si propone di offrire agli associati idonei ed efficienti servizi relativi alle loro esigenze motorie e sportive, ricreative e culturali, atti al loro miglioramento morale e fisico, ed alla loro preparazione sportiva con particolare attenzione alle persone giovani, tutelando la salute degli associati contrastando l&#8217;uso di sostanze o di metodi che possano alterare le naturali prestazioni sportive.<\/p>\n<p>Art.3<br \/>\nPer il raggiungimento delle finalit\u00e0 definite al precedente articolo 2, l&#8217;associazione pu\u00f2 operare nei seguenti ambiti di attivit\u00e0:<\/p>\n<ol>\n<li>Promuovere e sviluppare attivit\u00e0 sportive dilettantistiche, compresa l&#8217;attivit\u00e0 didattica per l&#8217;avvio, l&#8217;aggiornamento e il perfezionamento nello svolgimento della pratica sportiva nelle diverse discipline svolte all&#8217;interno della polisportiva;<\/li>\n<li>Gestire immobili ed impianti, propri o di terzi, adibiti a palestre, campi e strutture sportive di vario genere;<\/li>\n<li>Organizzare squadre sportive per la partecipazione a campionati, gare, concorsi, manifestazioni ed iniziative di diverse discipline sportive;<\/li>\n<li>Partecipare attivamente all&#8217;organizzazione e alla gestione delle attivit\u00e0 connesse alla promozione e allo svolgimento di gare, campionati, manifestazioni e incontri di natura sportiva, ricreativa e culturale;<\/li>\n<li>Gestire e promuovere attivit\u00e0 didattiche, intendendosi per tali i corsi di istruzione tecnico professionale, di qualificazione, perfezionamento e coordinamento per l&#8217;avvio, l&#8217;aggiornamento e il perfezionamento nelle attivit\u00e0 sportive anche in collaborazione con gli Enti Locali, Regionali e Statali, pubblici e privati;<\/li>\n<\/ol>\n<p>Inoltre l&#8217;associazione, mediante specifiche deliberazioni, pu\u00f2:<\/p>\n<ul>\n<li>Allestire e gestire punti di ristoro, bar e attivit\u00e0 similari collegati a propri impianti ed eventualmente anche in occasione di manifestazioni sportive e ricreative;<\/li>\n<li>Effettuare raccolte pubbliche occasionali di fondi;<\/li>\n<li>Esercitare, in via meramente marginale e senza scopo di lucro, attivit\u00e0 di natura commerciale per autofinanziamento: in tal caso dovr\u00e0 osservare le normative amministrative e fiscali vigenti;<\/li>\n<li>Pubblicare periodici da distribuire gratuitamente;<\/li>\n<li>Svolgere tutte quelle altre attivit\u00e0 necessarie o utili per il conseguimento dello scopo sociale.<\/li>\n<\/ul>\n<p>I proventi delle attivit\u00e0 non possono, in nessun caso, essere divisi fra gli associati, anche in forme indirette.<\/p>\n<p>Art 4 &#8211; Durata<br \/>\nLa durata dell&#8217;Associazione \u00e8 a tempo indeterminato.<\/p>\n<p><b>TITOLO III<br \/>\nAssociati<\/b><\/p>\n<p>Art. 5<br \/>\nIl numero degli associati \u00e8 illimitato.<br \/>\nPossono essere associati dell&#8217;Associazione le persone fisiche, le Associazioni e gli Enti che ne condividano gli scopi e che si impegnino a realizzarli.<br \/>\nE&#8217; esclusa l&#8217;adesione temporanea dell&#8217;associato al rapporto associativo, sotto qualsiasi forma.<br \/>\nL&#8217;Associazione \u00e8 caratterizzata dalla democraticit\u00e0 della struttura, dall&#8217;uguaglianza dei diritti di tutti gli associati, dall&#8217;elettivit\u00e0 delle cariche associative.<\/p>\n<p>Art. 6<br \/>\nChi intende essere ammesso come associato deve farne richiesta, anche verbale, al Consiglio Direttivo dell&#8217;Associazione, impegnandosi di attenersi al presente statuto e ad osservarne gli eventuali regolamenti e delibere adottate dagli organi dell&#8217;Associazione.<br \/>\nIn caso di domanda di ammissione ad associato presentata da minorenne, sar\u00e0 necessario il consenso dell&#8217;esercente la potest\u00e0 parentale.<br \/>\nLa validit\u00e0 della qualit\u00e0 di associato, efficacemente conseguita all&#8217;atto del rilascio della tessera sociale, \u00e8 subordinata all&#8217;accoglimento della domanda stessa da parte del Consiglio Direttivo il cui giudizio \u00e8 insindacabile e contro la cui decisione non \u00e8 ammesso appello. Gli eventuali rifiuti devono essere motivati.<br \/>\nIn caso di rigetto della domanda dopo il rilascio delle tessera, all&#8217;atto della restituzione della tessera associativa verr\u00e0 rimborsata la quota versata.<\/p>\n<p>Art. 7<br \/>\nLa qualifica di associato d\u00e0 diritto:<\/p>\n<ul>\n<li>a partecipare a tutte le attivit\u00e0 promosse dall&#8217;Associazione;<\/li>\n<li>a partecipare alla vita associativa, esprimendo il proprio voto nelle sedi deputate, in particolare in merito all&#8217;approvazione e modifica delle norme dello Statuto ed eventuali regolamenti e alla nomina degli organi direttivi dell&#8217;Associazione;<\/li>\n<li>a godere dell&#8217;elettorato attivo e passivo.<\/li>\n<\/ul>\n<p>Gli associati individuali sono tenuti:<\/p>\n<ul>\n<li>all&#8217;osservanza dello Statuto, dell&#8217;eventuale Regolamento organico e delle deliberazioni assunte dagli organi sociali;<\/li>\n<li>al pagamento della quota sociale.<\/li>\n<\/ul>\n<p>Non \u00e8 ammessa la trasmissibilit\u00e0 della quota associativa n\u00e9 una sua rivalutazione.<\/p>\n<p>Art.8<br \/>\nGli associati sono obbligati a versare un contributo associativo annuale stabilito in funzione dei programmi di attivit\u00e0.<br \/>\nTale quota deve essere determinata annualmente per l&#8217;anno successivo con delibera del Consiglio Direttivo.<br \/>\nLa quota associativa non \u00e8 mai rimborsabile.<br \/>\nIl mancato pagamento della quota associativa annuale comporta l&#8217;automatica decadenza dell&#8217;associato.<br \/>\nCon delibera del Consiglio Direttivo sono ammessi come Associati Onorari le persone fisiche o gli Enti che operano o hanno operato con particolare impegno a favore dell&#8217;associazione; l&#8217;associato onorario non paga nessuna quota.<\/p>\n<p><b>TITOLO IV<br \/>\nRecesso &#8211; Esclusione<\/b><\/p>\n<p>Art. 9<br \/>\nLa qualifica di associato si perde per recesso, esclusione o per causa di morte.<\/p>\n<p>Art. 10<br \/>\nLe dimissioni da associato devono essere presentate per iscritto al Consiglio Direttivo con la restituzione della tessera sociale.<br \/>\nL&#8217;esclusione \u00e8 deliberata dal Consiglio Direttivo nei confronti del associato:<\/p>\n<ol>\n<li>che non ottemperi alle disposizioni del presente statuto, degli eventuali regolamenti e delle deliberazioni legalmente adottate dagli organi dell&#8217;Associazione;<\/li>\n<li>che, senza giustificato motivo, si renda moroso nel versamento della quota associativa annuale;<\/li>\n<li>che svolga o tenti di svolgere attivit\u00e0 contrarie agli interessi dell&#8217;Associazione;<\/li>\n<li>che, in qualunque modo, arrechi danni gravi, anche morali all&#8217;Associazione.<\/li>\n<\/ol>\n<p>Successivamente il provvedimento del Consiglio Direttivo deve essere ratificato dalla prima assemblea ordinaria che sar\u00e0 convocata.<br \/>\nL&#8217;esclusione diventa operante dalla comunicazione all&#8217;escluso e successiva annotazione nel libro degli associati.<\/p>\n<p>Art. 11<br \/>\nLe deliberazioni prese in materia di recesso, decadenza ed esclusione debbono essere comunicate agli associati destinatari mediante lettera, ad eccezione del caso previsto all&#8217;art.9 lett. b) del presente Statuto.<br \/>\nGli associati receduti od esclusi non hanno diritto al rimborso della quota associativa annuale versata.<\/p>\n<p><b>TITOLO V<br \/>\nPatrimonio sociale e mezzi finanziari<\/b><\/p>\n<p>Art.12<br \/>\nIl Patrimonio sociale \u00e8 indivisibile ed \u00e8 costituito dalle quote e dai contributi associativi, da eventuali oblazioni, contributi o liberalit\u00e0 che pervenissero all&#8217;Associazione da soggetti pubblici o privati finalizzati al sostegno dell&#8217;attivit\u00e0 e dei progetti, per un miglior conseguimento degli scopi sociali, da eventuali avanzi di gestione e da tutte le altre entrate che possono provenire all&#8217;Associazione nello svolgimento delle sue attivit\u00e0. Costituiscono inoltre il fondo comune tutti i beni acquisiti con gli introiti di cui sopra.<br \/>\n\u00c8 fatto divieto di distribuire, anche in modo indiretto, utili o avanzi di gestione, nonch\u00e9 fondi, riserve o capitali salvo che la destinazione o la distribuzione non siano imposte dalla legge.<br \/>\nL&#8217;eventuale avanzo di gestione deve essere reinvestito a favore di attivit\u00e0 istituzionali statutariamente previste.<\/p>\n<p><b>Esercizio Sociale<\/b><\/p>\n<p>Art.13<br \/>\nL&#8217;anno sociale e l&#8217;esercizio finanziario va dal 1\/9 al 31\/8 dell&#8217;anno successivo. Entro tre mesi dalla chiusura dell&#8217;esercizio sociale il Consiglio Direttivo deve predisporre il rendiconto o bilancio da presentare all&#8217;assemblea degli associati. Il bilancio deve essere approvato dall&#8217;Assemblea degli associati entro quattro mesi dalla chiusura dell&#8217;esercizio.<\/p>\n<p><b>TITOLO VI<br \/>\nOrgani dell&#8217;Associazione<\/b><\/p>\n<p>Art. 14<br \/>\nSono organi dell&#8217;Associazione:<\/p>\n<ol>\n<li>l&#8217;Assemblea degli associati;<\/li>\n<li>il Consiglio Direttivo;<\/li>\n<li>il Presidente.<\/li>\n<\/ol>\n<p><b>Assemblee<\/b><\/p>\n<p>Art.15<br \/>\nL&#8217;assemblea generale degli associati \u00e8 il massimo organo deliberativo dell&#8217;Associazione ed \u00e8 convocata in sessioni ordinarie e straordinarie.<br \/>\nEssa \u00e8 l&#8217;organo sovrano dell&#8217;Associazione e all&#8217;attuazione delle decisioni da essa assunte provvede il Consiglio Direttivo.<br \/>\nLe assemblee sono ordinarie e straordinarie.<br \/>\nLa loro convocazione viene effettuata dal Presidente del Consiglio Direttivo e pubblicizzata mediante avvisi da affiggersi nei locali della sede sociale almeno venti giorni prima della adunanza, contenenti l&#8217;ordine del giorno, il luogo (nella sede o altrove), la data e l&#8217;orario della prima e della seconda convocazione.<\/p>\n<p>Art.16<br \/>\nL&#8217;assemblea ordinaria:<\/p>\n<ol>\n<li>approva il rendiconto economico e finanziario o bilancio annuale consuntivo ed eventualmente anche preventivo;<\/li>\n<li>procede alla nomina delle cariche sociali;<\/li>\n<li>delibera su tutti gli altri oggetti attinenti alla gestione dell&#8217;Associazione riservati alla sua competenza del presente Statuto o sottoposti al suo esame dal Consiglio Direttivo;<\/li>\n<li>approva gli eventuali regolamenti;<\/li>\n<li>delibera l&#8217;esclusione degli associati.<\/li>\n<\/ol>\n<p>Essa ha luogo almeno una volta all&#8217;anno entro i quattro mesi successivi alla chiusura dell&#8217;esercizio sociale per l&#8217;approvazione del rendiconto economico-finanziario o bilancio.<br \/>\nL&#8217;assemblea si riunisce, inoltre, quante volte il Consiglio Direttivo lo ritenga necessario o ne sia fatta richiesta per iscritto, con indicazione delle materie da trattare, da almeno un decimo degli associati.<br \/>\nIn questi ultimi casi la convocazione deve avere luogo entro 20 giorni dalla data della richiesta.<\/p>\n<p>Art.17<br \/>\nL&#8217;assemblea, di norma, \u00e8 considerata straordinaria quando si riunisce per deliberare sulle modificazioni dello Statuto e sullo scioglimento dell&#8217;Associazione nominando i liquidatori.<\/p>\n<p>Art.18<br \/>\nIn prima convocazione l&#8217;assemblea, sia ordinaria che straordinaria, \u00e8 regolarmente costituita quando siano presenti la met\u00e0 pi\u00f9 uno degli associati aventi diritto.<br \/>\nIn seconda convocazione, a distanza di almeno un giorno dalla prima convocazione, l&#8217;assemblea, sia ordinaria che straordinaria, \u00e8 regolarmente costituita qualunque sia il numero degli associati intervenuti o rappresentati.<br \/>\nNelle assemblee hanno diritto al voto tutti gli associati maggiorenni in regola con il versamento della quota associativa.<br \/>\nLe modalit\u00e0 di votazione seguono il principio del voto singolo: una testa, un voto.<br \/>\nOgni associato pu\u00f2 rappresentare in assemblea, per mezzo di delega scritta, al massimo 4 associati.<br \/>\nLe delibere delle assemblee sono valide, a maggioranza assoluta dei voti, su tutti gli oggetti posti all&#8217;ordine del giorno, salvo che sullo scioglimento dell&#8217;Associazione per cui occorrer\u00e0 il voto favorevole di almeno i tre quarti (3\/4) degli associati.<\/p>\n<p>Art.19<br \/>\nL&#8217;assemblea \u00e8 presieduta dal Presidente dell&#8217;Associazione ed in sua assenza dal vice Presidente o dalla persona designata dall&#8217;assemblea stessa.<br \/>\nLa nomina del segretario verbalizzatore \u00e8 fatta dal Presidente dell&#8217;assemblea.<br \/>\nLe deliberazioni dell&#8217;assemblea devono constare del verbale, sottoscritto dal Presidente e dal Segretario o dal notaio.<\/p>\n<p><b>Consiglio Direttivo<\/b><\/p>\n<p>Art. 20<br \/>\nIl Consiglio Direttivo \u00e8 formato da un minimo di 3 ad un massimo di 7 membri scelti fra gli associati.<br \/>\n\u00c8 fatto divieto ai consiglieri di ricoprire la medesima carica in altra societ\u00e0 o associazione sportiva dilettantistica nell&#8217;ambito della medesima federazione sportiva o disciplina associata se riconosciuta dal CONI, ovvero nell&#8217;ambito della medesima disciplina facente capo ad un ente di promozione sportiva.<br \/>\nI componenti del Consiglio restano in carica tre anni e sono rieleggibili. Il Consiglio elegge al proprio interno il Presidente, il vice Presidente, il Segretario.<br \/>\nIl Consiglio Direttivo \u00e8 convocato dal Presidente tutte le volte nelle quali vi sia materia su cui deliberare, oppure quando ne sia fatta domanda da almeno 2 membri.<br \/>\nLa convocazione \u00e8 fatta a mezzo lettera da spedirsi non meno di sette giorni prima della adunanza, ed in casi di particolare urgenza anche tramite fax o e-mail almeno due giorni prima dell&#8217;adunanza.<br \/>\nLe sedute sono valide quando vi intervenga la maggioranza dei componenti.<br \/>\nLe deliberazioni sono prese a maggioranza assoluta di voti.<br \/>\nDi ogni seduta viene redatto il relativo verbale.<br \/>\nIl Consiglio Direttivo \u00e8 investito dei pi\u00f9 ampi poteri per la gestione dell&#8217;Associazione. Spetta, pertanto, fra l&#8217;altro, a titolo esemplificativo, al Consiglio;<\/p>\n<ol>\n<li>curare l&#8217;esecuzione delle deliberazioni assembleari;<\/li>\n<li>redigere il rendiconto o bilancio preventivo e quello consuntivo;<\/li>\n<li>compilare gli eventuali regolamenti interni;<\/li>\n<li>stipulare tutti gli atti e contratti inerenti all&#8217;attivit\u00e0 sociale<\/li>\n<li>deliberare sulla costituzione e scioglimento delle Sezioni Sportive autonome;<\/li>\n<li>deliberare circa l&#8217;ammissione, il recesso e l&#8217;esclusione degli associati;<\/li>\n<li>nominare i responsabili delle commissioni di lavoro e dei settori di attivit\u00e0 in cui si articola la vita dell&#8217;Associazione;<\/li>\n<li>compiere gli atti e le operazioni per la corretta amministrazione dell&#8217;Associazione che non siano spettanti all&#8217;Assemblea degli associati, ivi compresa la determinazione della quota associativa annuale.<\/li>\n<\/ol>\n<p>Art.21<br \/>\nIn caso di mancanza di uno o pi\u00f9 componenti per dimissioni volontarie come pure in caso di decadenza della carica dovuta ad assenze ingiustificate per almeno 3 volte consecutive, il Consiglio provvede a sostituire i consiglieri dimissionari o decaduti, nominando i primi fra i non eletti, che rimangono in carica fino allo scadere dell&#8217;intero Consiglio; nell&#8217;impossibilit\u00e0 di attuare tale modalit\u00e0, il Consiglio nomina altri associati che rimangono in carica fino alla successiva Assemblea cui spetter\u00e0 deliberare l&#8217;eventuale ratifica.<br \/>\nSe viene meno la maggioranza dei membri, quelli rimasti in carica debbono convocare l&#8217;assemblea perch\u00e9 provveda alla nomina di un nuovo Consiglio.<\/p>\n<p><b>Presidente<\/b><\/p>\n<p>Art.22<br \/>\nIl Presidente, che viene eletto dal Consiglio Direttivo, ha la rappresentanza e la firma legale dell&#8217;Associazione.<br \/>\nIl Presidente rimane in carica tre anni, in concomitanza con l&#8217;elezione del Consiglio Direttivo.<br \/>\nIl Presidente \u00e8 coadiuvato dal Vicepresidente, eletto dal Consiglio Direttivo.<br \/>\nIn caso di assenza o di impedimento del Presidente le sue mansioni vengono esercitate dal Vice Presidente.<br \/>\nIn caso di dimissioni del Presidente, spetta al Vice Presidente convocare entro 30 giorni il Consiglio Direttivo per l&#8217;elezione del nuovo Presidente.<\/p>\n<p><b>Pubblicit\u00e0 e trasparenza degli atti sociali<\/b><\/p>\n<p>Art.23<br \/>\nOltre alla regola tenuta dei libri sociali (Libro verbali Assemblea, Libro verbali Consiglio Direttivo, Libro Associati e Libro Probiviri), deve essere assicurata una sostanziale pubblicit\u00e0 e trasparenza degli atti relativi all&#8217;attivit\u00e0 dell&#8217;Associazione, con particolare riferimento ai Bilanci o Rendiconti annuali.<br \/>\nTali documenti sociali, conservati presso la sede sociale, devono essere messi a disposizione degli associati per la consultazione; chi desidera avere copia dei documenti deve farsi carico delle relative spese.<\/p>\n<p><b>TITOLO VII<br \/>\nSezioni autonome<\/b><\/p>\n<p>Art.24<br \/>\nIl Consiglio Direttivo pu\u00f2 deliberare la costituzione e lo scioglimento delle Sezioni Autonome, suddivise in base all&#8217;attivit\u00e0 sportiva\/ricreativa\/culturale perseguita. Il funzionamento delle Sezioni Autonome sar\u00e0 disciplinato da appositi regolamenti approvati dal Consiglio Direttivo.<\/p>\n<p><b>TITOLO VIII<br \/>\nScioglimento<\/b><\/p>\n<p>Art.25<br \/>\nLo scioglimento dell&#8217;Associazione deve essere deliberato dall&#8217;assemblea straordinaria con il voto favorevole di almeno i tre quarti (3\/4) degli associati aventi diritto di voto. In caso di scioglimento dell&#8217;Associazione sono nominati uno o pi\u00f9 liquidatori, scegliendoli anche fra i non soci, che curano la liquidazione di tutti i beni mobili ed immobili e la estinzione delle obbligazioni in essere.<br \/>\nTutti i beni residui saranno devoluti, al fine di perseguire finalit\u00e0 sportive di utilit\u00e0 generale, ad Enti o Associazioni che perseguano la promozione e lo sviluppo dell&#8217;attivit\u00e0 sportiva, sentito l&#8217;organismo di controllo di cui all&#8217;art.3, comma 190, Legge 23\/12\/1996, n.662 e fatta salva diversa destinazione imposta dalla legge.<\/p>\n<p><b>Clausola compromissoria<\/b><\/p>\n<p>Art. 26<br \/>\nQualsiasi controversia in tema di rapporti associativi che insorgesse tra gli associati o tra questi e qualsiasi organo dell&#8217;Associazione, ovvero tra gli organi dell&#8217;Associazione, deve essere risolta da un Arbitro nominato dal Presidente dell&#8217;Ordine dei Dottori Commercialisti di Bologna su istanza della parte pi\u00f9 diligente . Il Presidente dell&#8217;Ordine dei Dottori Commercialisti di Bologna deve provvedere alla nomina dell&#8217;Arbitro entro 30 giorni dal ricevimento della richiesta di nomina, L&#8217;Arbitro decide in via rituale secondo diritto e deve pronunciare il lodo nel termine di 120 giorni dall&#8217;accettazione della nomina. Per quanto non previsto, si applicano le disposizioni del Dlg 17\/01\/2003 n.5 e, se compatibili con queste ultime, le norme del Codice di Procedura Civile relative all&#8217;arbitrato rituale.<\/p>\n<p><b>Norma finale<\/b><\/p>\n<p>Art.27<br \/>\nPer quanto non \u00e8 espressamente contemplato dal presente statuto, valgono, in quanto applicabili, le norme del Codice Civile e le disposizioni di leggi vigenti.<\/p>\n","protected":false},"excerpt":{"rendered":"<p>STATUTO di &#8220;ACQUAD\u00caLA&#8221; ASSOCIAZIONE POLISPORTIVA DILETTANTISTICA TITOLO I Denominazione &#8211; Sede Art.1 Nello spirito della Costituzione della Repubblica Italiana ed in ossequio a quanto disposto dagli articoli 14 e seguenti del Codice Civile, \u00e8 costituita l&#8217;associazione sportiva dilettantistica denominata &#8220;ACQUAD\u00caLA &#8211; ASSOCIAZIONE POLISPORTIVA DILETTANTISTICA&#8221;, associazione senza finalit\u00e0 di lucro, aperta a tutti i cittadini che &hellip;<\/p>\n<p class=\"read-more\"> <a class=\"\" href=\"https:\/\/acquadela.it\/index.php\/statuto\/\"> <span class=\"screen-reader-text\">Statuto<\/span> Leggi altro &raquo;<\/a><\/p>\n","protected":false},"author":1,"featured_media":0,"parent":0,"menu_order":2,"comment_status":"open","ping_status":"closed","template":"","meta":{"site-sidebar-layout":"default","site-content-layout":"default","ast-global-header-display":"","ast-main-header-display":"","ast-hfb-above-header-display":"","ast-hfb-below-header-display":"","ast-hfb-mobile-header-display":"","site-post-title":"disabled","ast-breadcrumbs-content":"","ast-featured-img":"","footer-sml-layout":"","theme-transparent-header-meta":"","adv-header-id-meta":"","stick-header-meta":"","header-above-stick-meta":"","header-main-stick-meta":"","header-below-stick-meta":""},"_links":{"self":[{"href":"https:\/\/acquadela.it\/index.php\/wp-json\/wp\/v2\/pages\/9"}],"collection":[{"href":"https:\/\/acquadela.it\/index.php\/wp-json\/wp\/v2\/pages"}],"about":[{"href":"https:\/\/acquadela.it\/index.php\/wp-json\/wp\/v2\/types\/page"}],"author":[{"embeddable":true,"href":"https:\/\/acquadela.it\/index.php\/wp-json\/wp\/v2\/users\/1"}],"replies":[{"embeddable":true,"href":"https:\/\/acquadela.it\/index.php\/wp-json\/wp\/v2\/comments?post=9"}],"version-history":[{"count":2,"href":"https:\/\/acquadela.it\/index.php\/wp-json\/wp\/v2\/pages\/9\/revisions"}],"predecessor-version":[{"id":21,"href":"https:\/\/acquadela.it\/index.php\/wp-json\/wp\/v2\/pages\/9\/revisions\/21"}],"wp:attachment":[{"href":"https:\/\/acquadela.it\/index.php\/wp-json\/wp\/v2\/media?parent=9"}],"curies":[{"name":"wp","href":"https:\/\/api.w.org\/{rel}","templated":true}]}}